{"id":20,"date":"2024-11-04T16:46:31","date_gmt":"2024-11-04T15:46:31","guid":{"rendered":"https:\/\/presence-africaine-arts-culture.com\/?page_id=20"},"modified":"2024-11-12T10:53:09","modified_gmt":"2024-11-12T09:53:09","slug":"accueil","status":"publish","type":"page","link":"https:\/\/presence-africaine-arts-culture.com\/en\/","title":{"rendered":"Home"},"content":{"rendered":"<div data-elementor-type=\"wp-page\" data-elementor-id=\"20\" class=\"elementor elementor-20\">\n\t\t\t\t<div class=\"elementor-element elementor-element-4eb2247 e-con-full e-flex e-con e-parent\" data-id=\"4eb2247\" data-element_type=\"container\" data-settings=\"{&quot;background_background&quot;:&quot;slideshow&quot;,&quot;background_slideshow_gallery&quot;:[{&quot;id&quot;:15,&quot;url&quot;:&quot;https:\\\/\\\/presence-africaine-arts-culture.com\\\/wp-content\\\/uploads\\\/2024\\\/11\\\/african-woman-8026667_1280.jpg&quot;},{&quot;id&quot;:16,&quot;url&quot;:&quot;https:\\\/\\\/presence-africaine-arts-culture.com\\\/wp-content\\\/uploads\\\/2024\\\/11\\\/african-woman-6812740_1920.jpg&quot;}],&quot;background_slideshow_ken_burns&quot;:&quot;yes&quot;,&quot;background_slideshow_ken_burns_zoom_direction&quot;:&quot;out&quot;,&quot;background_slideshow_loop&quot;:&quot;yes&quot;,&quot;background_slideshow_slide_duration&quot;:5000,&quot;background_slideshow_slide_transition&quot;:&quot;fade&quot;,&quot;background_slideshow_transition_duration&quot;:500}\">\n\t\t\t\t<div class=\"elementor-element elementor-element-f3a876c elementor-widget elementor-widget-spacer\" data-id=\"f3a876c\" data-element_type=\"widget\" data-widget_type=\"spacer.default\">\n\t\t\t\t<div class=\"elementor-widget-container\">\n\t\t\t\t\t<div class=\"elementor-spacer\">\n\t\t\t<div class=\"elementor-spacer-inner\"><\/div>\n\t\t<\/div>\n\t\t\t\t<\/div>\n\t\t\t\t<\/div>\n\t\t\t\t<\/div>\n\t\t<div class=\"elementor-element elementor-element-9ff92c9 e-flex e-con-boxed e-con e-parent\" data-id=\"9ff92c9\" data-element_type=\"container\">\n\t\t\t\t\t<div class=\"e-con-inner\">\n\t\t\t\t<div class=\"elementor-element elementor-element-bbabafa elementor-widget elementor-widget-heading\" data-id=\"bbabafa\" data-element_type=\"widget\" data-widget_type=\"heading.default\">\n\t\t\t\t<div class=\"elementor-widget-container\">\n\t\t\t<h2 class=\"elementor-heading-title elementor-size-default\">Cultures, Memories, Landmarks and Creativity<\/h2>\t\t<\/div>\n\t\t\t\t<\/div>\n\t\t\t\t<div class=\"elementor-element elementor-element-ad43d3b elementor-widget elementor-widget-text-editor\" data-id=\"ad43d3b\" data-element_type=\"widget\" data-widget_type=\"text-editor.default\">\n\t\t\t\t<div class=\"elementor-widget-container\">\n\t\t\t\t\t\t\t<p>Pr\u00e9sence Africaine, Arts et Culture (PAAC): Cultures, Memories, Landmarks, and Creativities is a Canadian non-profit organization dedicated to preserving, showcasing, and promoting the rich cultural and artistic heritage of African and Afro-descendant communities while creating economic and social opportunities for the communities it serves.<\/p><p>It leverages technological innovations and opportunities in the creative industry to generate wealth and strengthen communities.<\/p>\t\t\t\t\t\t<\/div>\n\t\t\t\t<\/div>\n\t\t\t\t\t<\/div>\n\t\t\t\t<\/div>\n\t\t<div class=\"elementor-element elementor-element-9a9e035 e-flex e-con-boxed e-con e-parent\" data-id=\"9a9e035\" data-element_type=\"container\">\n\t\t\t\t\t<div class=\"e-con-inner\">\n\t\t<div class=\"elementor-element elementor-element-7b641ae e-con-full e-flex e-con e-child\" data-id=\"7b641ae\" data-element_type=\"container\">\n\t\t\t\t<div class=\"elementor-element elementor-element-8d31965 elementor-widget elementor-widget-image\" data-id=\"8d31965\" data-element_type=\"widget\" data-widget_type=\"image.default\">\n\t\t\t\t<div class=\"elementor-widget-container\">\n\t\t\t\t\t\t\t\t\t\t\t\t\t<img fetchpriority=\"high\" decoding=\"async\" width=\"800\" height=\"800\" src=\"https:\/\/presence-africaine-arts-culture.com\/wp-content\/uploads\/2024\/11\/jkil41-1024x1024.png\" class=\"attachment-large size-large wp-image-17\" alt=\"\" srcset=\"https:\/\/presence-africaine-arts-culture.com\/wp-content\/uploads\/2024\/11\/jkil41-1024x1024.png 1024w, https:\/\/presence-africaine-arts-culture.com\/wp-content\/uploads\/2024\/11\/jkil41-300x300.png 300w, https:\/\/presence-africaine-arts-culture.com\/wp-content\/uploads\/2024\/11\/jkil41-150x150.png 150w, https:\/\/presence-africaine-arts-culture.com\/wp-content\/uploads\/2024\/11\/jkil41-768x768.png 768w, https:\/\/presence-africaine-arts-culture.com\/wp-content\/uploads\/2024\/11\/jkil41-1536x1536.png 1536w, https:\/\/presence-africaine-arts-culture.com\/wp-content\/uploads\/2024\/11\/jkil41.png 1920w\" sizes=\"(max-width: 800px) 100vw, 800px\" \/>\t\t\t\t\t\t\t\t\t\t\t\t\t<\/div>\n\t\t\t\t<\/div>\n\t\t\t\t<\/div>\n\t\t<div class=\"elementor-element elementor-element-2fd4777 e-con-full e-flex e-con e-child\" data-id=\"2fd4777\" data-element_type=\"container\">\n\t\t\t\t<div class=\"elementor-element elementor-element-4ae7d81 elementor-widget elementor-widget-image\" data-id=\"4ae7d81\" data-element_type=\"widget\" data-widget_type=\"image.default\">\n\t\t\t\t<div class=\"elementor-widget-container\">\n\t\t\t\t\t\t\t\t\t\t\t\t\t<img decoding=\"async\" width=\"800\" height=\"800\" src=\"https:\/\/presence-africaine-arts-culture.com\/wp-content\/uploads\/2024\/11\/woman-7598798_1920-1024x1024.jpg\" class=\"attachment-large size-large wp-image-13\" alt=\"\" srcset=\"https:\/\/presence-africaine-arts-culture.com\/wp-content\/uploads\/2024\/11\/woman-7598798_1920-1024x1024.jpg 1024w, https:\/\/presence-africaine-arts-culture.com\/wp-content\/uploads\/2024\/11\/woman-7598798_1920-300x300.jpg 300w, https:\/\/presence-africaine-arts-culture.com\/wp-content\/uploads\/2024\/11\/woman-7598798_1920-150x150.jpg 150w, https:\/\/presence-africaine-arts-culture.com\/wp-content\/uploads\/2024\/11\/woman-7598798_1920-768x768.jpg 768w, https:\/\/presence-africaine-arts-culture.com\/wp-content\/uploads\/2024\/11\/woman-7598798_1920-1536x1536.jpg 1536w, https:\/\/presence-africaine-arts-culture.com\/wp-content\/uploads\/2024\/11\/woman-7598798_1920.jpg 1920w\" sizes=\"(max-width: 800px) 100vw, 800px\" \/>\t\t\t\t\t\t\t\t\t\t\t\t\t<\/div>\n\t\t\t\t<\/div>\n\t\t\t\t<\/div>\n\t\t<div class=\"elementor-element elementor-element-0f5e6ff e-con-full e-flex e-con e-child\" data-id=\"0f5e6ff\" data-element_type=\"container\">\n\t\t\t\t<div class=\"elementor-element elementor-element-9495088 elementor-widget elementor-widget-image\" data-id=\"9495088\" data-element_type=\"widget\" data-widget_type=\"image.default\">\n\t\t\t\t<div class=\"elementor-widget-container\">\n\t\t\t\t\t\t\t\t\t\t\t\t\t<img decoding=\"async\" width=\"751\" height=\"1024\" src=\"https:\/\/presence-africaine-arts-culture.com\/wp-content\/uploads\/2024\/11\/ai-generated-8712475_1920-751x1024.jpg\" class=\"attachment-large size-large wp-image-14\" alt=\"\" srcset=\"https:\/\/presence-africaine-arts-culture.com\/wp-content\/uploads\/2024\/11\/ai-generated-8712475_1920-751x1024.jpg 751w, https:\/\/presence-africaine-arts-culture.com\/wp-content\/uploads\/2024\/11\/ai-generated-8712475_1920-220x300.jpg 220w, https:\/\/presence-africaine-arts-culture.com\/wp-content\/uploads\/2024\/11\/ai-generated-8712475_1920-768x1047.jpg 768w, https:\/\/presence-africaine-arts-culture.com\/wp-content\/uploads\/2024\/11\/ai-generated-8712475_1920-1126x1536.jpg 1126w, https:\/\/presence-africaine-arts-culture.com\/wp-content\/uploads\/2024\/11\/ai-generated-8712475_1920.jpg 1408w\" sizes=\"(max-width: 751px) 100vw, 751px\" \/>\t\t\t\t\t\t\t\t\t\t\t\t\t<\/div>\n\t\t\t\t<\/div>\n\t\t\t\t<\/div>\n\t\t\t\t\t<\/div>\n\t\t\t\t<\/div>\n\t\t<div class=\"elementor-element elementor-element-57fbf48 e-flex e-con-boxed e-con e-parent\" data-id=\"57fbf48\" data-element_type=\"container\">\n\t\t\t\t\t<div class=\"e-con-inner\">\n\t\t<div class=\"elementor-element elementor-element-5856f7c e-con-full e-flex e-con e-child\" data-id=\"5856f7c\" data-element_type=\"container\">\n\t\t\t\t<div class=\"elementor-element elementor-element-c74c768 elementor-widget elementor-widget-heading\" data-id=\"c74c768\" data-element_type=\"widget\" data-widget_type=\"heading.default\">\n\t\t\t\t<div class=\"elementor-widget-container\">\n\t\t\t<h2 class=\"elementor-heading-title elementor-size-default\">Follow us on<\/h2>\t\t<\/div>\n\t\t\t\t<\/div>\n\t\t\t\t<div class=\"elementor-element elementor-element-47cec57 elementor-widget elementor-widget-elementskit-social-media\" data-id=\"47cec57\" data-element_type=\"widget\" data-widget_type=\"elementskit-social-media.default\">\n\t\t\t\t<div class=\"elementor-widget-container\">\n\t\t\t<div class=\"ekit-wid-con\" >\t\t\t <ul class=\"ekit_social_media\">\n\t\t\t\t\t\t\t\t\t\t\t\t\t\t<li class=\"elementor-repeater-item-79da284\">\n\t\t\t\t\t    <a\n\t\t\t\t\t\thref=\"https:\/\/facebook.com\" aria-label=\"Facebook\" class=\"facebook\" >\n\t\t\t\t\t\t\t\t\t\t\t\t\t\t\n\t\t\t\t\t\t\t<i aria-hidden=\"true\" class=\"icon icon-facebook\"><\/i>\t\t\t\t\t\t\t\t\t\n                                                                                                            <\/a>\n                    <\/li>\n                    \t\t\t\t\t\t\t\t\t\t\t\t\t\t<li class=\"elementor-repeater-item-41962a1\">\n\t\t\t\t\t    <a\n\t\t\t\t\t\thref=\"https:\/\/facebook.com\" aria-label=\"Twitter\" class=\"twitter\" >\n\t\t\t\t\t\t\t\t\t\t\t\t\t\t\n\t\t\t\t\t\t\t<svg aria-hidden=\"true\" class=\"e-font-icon-svg e-fab-x-twitter\" viewbox=\"0 0 512 512\" xmlns=\"http:\/\/www.w3.org\/2000\/svg\"><path d=\"M389.2 48h70.6L305.6 224.2 487 464H345L233.7 318.6 106.5 464H35.8L200.7 275.5 26.8 48H172.4L272.9 180.9 389.2 48zM364.4 421.8h39.1L151.1 88h-42L364.4 421.8z\"><\/path><\/svg>\t\t\t\t\t\t\t\t\t\n                                                                                                            <\/a>\n                    <\/li>\n                    \t\t\t\t\t\t\t\t\t\t\t\t\t\t<li class=\"elementor-repeater-item-28d69a7\">\n\t\t\t\t\t    <a\n\t\t\t\t\t\thref=\"https:\/\/facebook.com\" aria-label=\"LinkedIn\" class=\"linkedin\" >\n\t\t\t\t\t\t\t\t\t\t\t\t\t\t\n\t\t\t\t\t\t\t<i aria-hidden=\"true\" class=\"icon icon-linkedin\"><\/i>\t\t\t\t\t\t\t\t\t\n                                                                                                            <\/a>\n                    <\/li>\n                    \t\t\t\t\t\t\t\t\t\t\t\t\t\t<li class=\"elementor-repeater-item-47a8762\">\n\t\t\t\t\t    <a\n\t\t\t\t\t\thref=\"https:\/\/facebook.com\" aria-label=\"Facebook\" class=\"1\" >\n\t\t\t\t\t\t\t\t\t\t\t\t\t\t\n\t\t\t\t\t\t\t<i aria-hidden=\"true\" class=\"icon icon-youtube-1\"><\/i>\t\t\t\t\t\t\t\t\t\n                                                                                                            <\/a>\n                    <\/li>\n                    \t\t\t\t\t\t\t<\/ul>\n\t\t<\/div>\t\t<\/div>\n\t\t\t\t<\/div>\n\t\t\t\t<\/div>\n\t\t\t\t\t<\/div>\n\t\t\t\t<\/div>\n\t\t\t\t<\/div>","protected":false},"excerpt":{"rendered":"<p>Cultures, M\u00e9moires, Rep\u00e8res et Cr\u00e9ativit\u00e9s Pr\u00e9sence Africaine, Arts et Culture (PAAC)\u00a0: Cultures, M\u00e9moires, Rep\u00e8res et Cr\u00e9ativit\u00e9s est une association \u00e0 but non lucratif canadienne qui a pour but de de pr\u00e9server, valoriser et promouvoir le riche patrimoine culturel et artistique africain et afro-descendant, tout cr\u00e9ant des opportunit\u00e9s \u00e9conomiques et sociales pour les communaut\u00e9s qu&rsquo;elle sert. [&hellip;]<\/p>","protected":false},"author":1,"featured_media":0,"parent":0,"menu_order":0,"comment_status":"closed","ping_status":"closed","template":"","meta":{"footnotes":""},"class_list":["post-20","page","type-page","status-publish","hentry"],"_links":{"self":[{"href":"https:\/\/presence-africaine-arts-culture.com\/en\/wp-json\/wp\/v2\/pages\/20","targetHints":{"allow":["GET"]}}],"collection":[{"href":"https:\/\/presence-africaine-arts-culture.com\/en\/wp-json\/wp\/v2\/pages"}],"about":[{"href":"https:\/\/presence-africaine-arts-culture.com\/en\/wp-json\/wp\/v2\/types\/page"}],"author":[{"embeddable":true,"href":"https:\/\/presence-africaine-arts-culture.com\/en\/wp-json\/wp\/v2\/users\/1"}],"replies":[{"embeddable":true,"href":"https:\/\/presence-africaine-arts-culture.com\/en\/wp-json\/wp\/v2\/comments?post=20"}],"version-history":[{"count":13,"href":"https:\/\/presence-africaine-arts-culture.com\/en\/wp-json\/wp\/v2\/pages\/20\/revisions"}],"predecessor-version":[{"id":187,"href":"https:\/\/presence-africaine-arts-culture.com\/en\/wp-json\/wp\/v2\/pages\/20\/revisions\/187"}],"wp:attachment":[{"href":"https:\/\/presence-africaine-arts-culture.com\/en\/wp-json\/wp\/v2\/media?parent=20"}],"curies":[{"name":"wp","href":"https:\/\/api.w.org\/{rel}","templated":true}]}}