{"id":22,"date":"2024-11-04T16:46:48","date_gmt":"2024-11-04T15:46:48","guid":{"rendered":"https:\/\/presence-africaine-arts-culture.com\/?page_id=22"},"modified":"2024-11-12T16:21:19","modified_gmt":"2024-11-12T15:21:19","slug":"mission","status":"publish","type":"page","link":"https:\/\/presence-africaine-arts-culture.com\/en\/mission\/","title":{"rendered":"Mission"},"content":{"rendered":"<div data-elementor-type=\"wp-page\" data-elementor-id=\"22\" class=\"elementor elementor-22\">\n\t\t\t\t<div class=\"elementor-element elementor-element-439334c e-flex e-con-boxed e-con e-parent\" data-id=\"439334c\" data-element_type=\"container\" data-settings=\"{&quot;background_background&quot;:&quot;video&quot;,&quot;background_video_link&quot;:&quot;https:\\\/\\\/youtu.be\\\/aiLZc6wRCVw&quot;}\">\n\t\t\t\t\t<div class=\"e-con-inner\">\n\t\t<div class=\"elementor-background-video-container elementor-hidden-mobile\">\n\t\t\t\t\t\t\t<div class=\"elementor-background-video-embed\"><\/div>\n\t\t\t\t\t\t<\/div>\t\t\t<\/div>\n\t\t\t\t<\/div>\n\t\t<div class=\"elementor-element elementor-element-2082e60 e-flex e-con-boxed e-con e-parent\" data-id=\"2082e60\" data-element_type=\"container\">\n\t\t\t\t\t<div class=\"e-con-inner\">\n\t\t\t\t<div class=\"elementor-element elementor-element-a5e6c41 elementor-widget elementor-widget-heading\" data-id=\"a5e6c41\" data-element_type=\"widget\" data-widget_type=\"heading.default\">\n\t\t\t\t<div class=\"elementor-widget-container\">\n\t\t\t<h2 class=\"elementor-heading-title elementor-size-default\">Mission<\/h2>\t\t<\/div>\n\t\t\t\t<\/div>\n\t\t<div class=\"elementor-element elementor-element-96584dd e-con-full e-flex e-con e-child\" data-id=\"96584dd\" data-element_type=\"container\">\n\t\t<div class=\"elementor-element elementor-element-666344f e-con-full e-flex e-con e-child\" data-id=\"666344f\" data-element_type=\"container\">\n\t\t\t\t<div class=\"elementor-element elementor-element-7214481 elementor-widget elementor-widget-image\" data-id=\"7214481\" data-element_type=\"widget\" data-widget_type=\"image.default\">\n\t\t\t\t<div class=\"elementor-widget-container\">\n\t\t\t\t\t\t\t\t\t\t\t\t\t<img fetchpriority=\"high\" decoding=\"async\" width=\"683\" height=\"1024\" src=\"https:\/\/presence-africaine-arts-culture.com\/wp-content\/uploads\/2024\/11\/mission2-1-683x1024.jpg\" class=\"attachment-large size-large wp-image-162\" alt=\"\" srcset=\"https:\/\/presence-africaine-arts-culture.com\/wp-content\/uploads\/2024\/11\/mission2-1-683x1024.jpg 683w, https:\/\/presence-africaine-arts-culture.com\/wp-content\/uploads\/2024\/11\/mission2-1-200x300.jpg 200w, https:\/\/presence-africaine-arts-culture.com\/wp-content\/uploads\/2024\/11\/mission2-1-768x1152.jpg 768w, https:\/\/presence-africaine-arts-culture.com\/wp-content\/uploads\/2024\/11\/mission2-1-scaled.jpg 1707w\" sizes=\"(max-width: 683px) 100vw, 683px\" \/>\t\t\t\t\t\t\t\t\t\t\t\t\t<\/div>\n\t\t\t\t<\/div>\n\t\t\t\t<\/div>\n\t\t<div class=\"elementor-element elementor-element-95aa006 e-con-full e-flex e-con e-child\" data-id=\"95aa006\" data-element_type=\"container\">\n\t\t\t\t<div class=\"elementor-element elementor-element-896a619 elementor-widget elementor-widget-text-editor\" data-id=\"896a619\" data-element_type=\"widget\" data-widget_type=\"text-editor.default\">\n\t\t\t\t<div class=\"elementor-widget-container\">\n\t\t\t\t\t\t\t<ul><li>To preserve, showcase, and promote the tangible and intangible cultural heritage of African and Afro-descendant communities.<\/li><li>To preserve, showcase, and promote African and Afro-descendant arts and culture.<\/li><li>To leverage technological innovations and opportunities in the creative industry to foster wealth creation and support the sustainable economic development of African and Afro-descendant communities.<\/li><\/ul>\t\t\t\t\t\t<\/div>\n\t\t\t\t<\/div>\n\t\t\t\t<\/div>\n\t\t<div class=\"elementor-element elementor-element-b03641f e-con-full e-flex e-con e-child\" data-id=\"b03641f\" data-element_type=\"container\">\n\t\t\t\t<div class=\"elementor-element elementor-element-ef8e761 elementor-widget elementor-widget-image\" data-id=\"ef8e761\" data-element_type=\"widget\" data-widget_type=\"image.default\">\n\t\t\t\t<div class=\"elementor-widget-container\">\n\t\t\t\t\t\t\t\t\t\t\t\t\t<img decoding=\"async\" width=\"682\" height=\"1024\" src=\"https:\/\/presence-africaine-arts-culture.com\/wp-content\/uploads\/2024\/11\/mission-682x1024.jpg\" class=\"attachment-large size-large wp-image-106\" alt=\"\" srcset=\"https:\/\/presence-africaine-arts-culture.com\/wp-content\/uploads\/2024\/11\/mission-682x1024.jpg 682w, https:\/\/presence-africaine-arts-culture.com\/wp-content\/uploads\/2024\/11\/mission-200x300.jpg 200w, https:\/\/presence-africaine-arts-culture.com\/wp-content\/uploads\/2024\/11\/mission-768x1153.jpg 768w, https:\/\/presence-africaine-arts-culture.com\/wp-content\/uploads\/2024\/11\/mission-1023x1536.jpg 1023w, https:\/\/presence-africaine-arts-culture.com\/wp-content\/uploads\/2024\/11\/mission.jpg 1066w\" sizes=\"(max-width: 682px) 100vw, 682px\" \/>\t\t\t\t\t\t\t\t\t\t\t\t\t<\/div>\n\t\t\t\t<\/div>\n\t\t\t\t<\/div>\n\t\t\t\t<\/div>\n\t\t\t\t\t<\/div>\n\t\t\t\t<\/div>\n\t\t<div class=\"elementor-element elementor-element-37f37a5 e-flex e-con-boxed e-con e-parent\" data-id=\"37f37a5\" data-element_type=\"container\">\n\t\t\t\t\t<div class=\"e-con-inner\">\n\t\t<div class=\"elementor-element elementor-element-858f5a7 e-con-full e-flex e-con e-child\" data-id=\"858f5a7\" data-element_type=\"container\">\n\t\t\t\t<div class=\"elementor-element elementor-element-8c622ee elementor-widget elementor-widget-heading\" data-id=\"8c622ee\" data-element_type=\"widget\" data-widget_type=\"heading.default\">\n\t\t\t\t<div class=\"elementor-widget-container\">\n\t\t\t<h2 class=\"elementor-heading-title elementor-size-default\">Follow us on<\/h2>\t\t<\/div>\n\t\t\t\t<\/div>\n\t\t\t\t<div class=\"elementor-element elementor-element-642db86 elementor-widget elementor-widget-elementskit-social-media\" data-id=\"642db86\" data-element_type=\"widget\" data-widget_type=\"elementskit-social-media.default\">\n\t\t\t\t<div class=\"elementor-widget-container\">\n\t\t\t<div class=\"ekit-wid-con\" >\t\t\t <ul class=\"ekit_social_media\">\n\t\t\t\t\t\t\t\t\t\t\t\t\t\t<li class=\"elementor-repeater-item-79da284\">\n\t\t\t\t\t    <a\n\t\t\t\t\t\thref=\"https:\/\/facebook.com\" aria-label=\"Facebook\" class=\"facebook\" >\n\t\t\t\t\t\t\t\t\t\t\t\t\t\t\n\t\t\t\t\t\t\t<i aria-hidden=\"true\" class=\"icon icon-facebook\"><\/i>\t\t\t\t\t\t\t\t\t\n                                                                                                            <\/a>\n                    <\/li>\n                    \t\t\t\t\t\t\t\t\t\t\t\t\t\t<li class=\"elementor-repeater-item-41962a1\">\n\t\t\t\t\t    <a\n\t\t\t\t\t\thref=\"https:\/\/facebook.com\" aria-label=\"Twitter\" class=\"twitter\" >\n\t\t\t\t\t\t\t\t\t\t\t\t\t\t\n\t\t\t\t\t\t\t<svg aria-hidden=\"true\" class=\"e-font-icon-svg e-fab-x-twitter\" viewbox=\"0 0 512 512\" xmlns=\"http:\/\/www.w3.org\/2000\/svg\"><path d=\"M389.2 48h70.6L305.6 224.2 487 464H345L233.7 318.6 106.5 464H35.8L200.7 275.5 26.8 48H172.4L272.9 180.9 389.2 48zM364.4 421.8h39.1L151.1 88h-42L364.4 421.8z\"><\/path><\/svg>\t\t\t\t\t\t\t\t\t\n                                                                                                            <\/a>\n                    <\/li>\n                    \t\t\t\t\t\t\t\t\t\t\t\t\t\t<li class=\"elementor-repeater-item-28d69a7\">\n\t\t\t\t\t    <a\n\t\t\t\t\t\thref=\"https:\/\/facebook.com\" aria-label=\"LinkedIn\" class=\"linkedin\" >\n\t\t\t\t\t\t\t\t\t\t\t\t\t\t\n\t\t\t\t\t\t\t<i aria-hidden=\"true\" class=\"icon icon-linkedin\"><\/i>\t\t\t\t\t\t\t\t\t\n                                                                                                            <\/a>\n                    <\/li>\n                    \t\t\t\t\t\t\t\t\t\t\t\t\t\t<li class=\"elementor-repeater-item-47a8762\">\n\t\t\t\t\t    <a\n\t\t\t\t\t\thref=\"https:\/\/facebook.com\" aria-label=\"Facebook\" class=\"1\" >\n\t\t\t\t\t\t\t\t\t\t\t\t\t\t\n\t\t\t\t\t\t\t<i aria-hidden=\"true\" class=\"icon icon-youtube-1\"><\/i>\t\t\t\t\t\t\t\t\t\n                                                                                                            <\/a>\n                    <\/li>\n                    \t\t\t\t\t\t\t<\/ul>\n\t\t<\/div>\t\t<\/div>\n\t\t\t\t<\/div>\n\t\t\t\t<\/div>\n\t\t\t\t\t<\/div>\n\t\t\t\t<\/div>\n\t\t\t\t<\/div>","protected":false},"excerpt":{"rendered":"<p>Missions Pr\u00e9server, valoriser et promouvoir le patrimoine culturel mat\u00e9riel et immat\u00e9riel des communaut\u00e9s africaines et afro-descendantes. Pr\u00e9server, valoriser et promouvoir les arts et la culture africains et afro-descendants. Mettre \u00e0 profit les innovations technologiques et les opportunit\u00e9s de l&rsquo;industrie cr\u00e9ative pour favoriser la cr\u00e9ation de richesse et soutenir le d\u00e9veloppement \u00e9conomique et durable des communaut\u00e9s [&hellip;]<\/p>","protected":false},"author":1,"featured_media":0,"parent":0,"menu_order":0,"comment_status":"closed","ping_status":"closed","template":"","meta":{"footnotes":""},"class_list":["post-22","page","type-page","status-publish","hentry"],"_links":{"self":[{"href":"https:\/\/presence-africaine-arts-culture.com\/en\/wp-json\/wp\/v2\/pages\/22","targetHints":{"allow":["GET"]}}],"collection":[{"href":"https:\/\/presence-africaine-arts-culture.com\/en\/wp-json\/wp\/v2\/pages"}],"about":[{"href":"https:\/\/presence-africaine-arts-culture.com\/en\/wp-json\/wp\/v2\/types\/page"}],"author":[{"embeddable":true,"href":"https:\/\/presence-africaine-arts-culture.com\/en\/wp-json\/wp\/v2\/users\/1"}],"replies":[{"embeddable":true,"href":"https:\/\/presence-africaine-arts-culture.com\/en\/wp-json\/wp\/v2\/comments?post=22"}],"version-history":[{"count":25,"href":"https:\/\/presence-africaine-arts-culture.com\/en\/wp-json\/wp\/v2\/pages\/22\/revisions"}],"predecessor-version":[{"id":419,"href":"https:\/\/presence-africaine-arts-culture.com\/en\/wp-json\/wp\/v2\/pages\/22\/revisions\/419"}],"wp:attachment":[{"href":"https:\/\/presence-africaine-arts-culture.com\/en\/wp-json\/wp\/v2\/media?parent=22"}],"curies":[{"name":"wp","href":"https:\/\/api.w.org\/{rel}","templated":true}]}}