{"id":24,"date":"2024-11-04T16:47:17","date_gmt":"2024-11-04T15:47:17","guid":{"rendered":"https:\/\/presence-africaine-arts-culture.com\/?page_id=24"},"modified":"2024-11-12T13:19:50","modified_gmt":"2024-11-12T12:19:50","slug":"strategie","status":"publish","type":"page","link":"https:\/\/presence-africaine-arts-culture.com\/en\/strategie\/","title":{"rendered":"Strategy"},"content":{"rendered":"<div data-elementor-type=\"wp-page\" data-elementor-id=\"24\" class=\"elementor elementor-24\">\n\t\t\t\t<div class=\"elementor-element elementor-element-719539b e-con-full e-flex e-con e-parent\" data-id=\"719539b\" data-element_type=\"container\" data-settings=\"{&quot;background_background&quot;:&quot;classic&quot;}\">\n\t\t\t\t<\/div>\n\t\t<div class=\"elementor-element elementor-element-2a510aa e-flex e-con-boxed e-con e-parent\" data-id=\"2a510aa\" data-element_type=\"container\">\n\t\t\t\t\t<div class=\"e-con-inner\">\n\t\t\t\t<div class=\"elementor-element elementor-element-59695f2 elementor-widget elementor-widget-heading\" data-id=\"59695f2\" data-element_type=\"widget\" data-widget_type=\"heading.default\">\n\t\t\t\t<div class=\"elementor-widget-container\">\n\t\t\t<h2 class=\"elementor-heading-title elementor-size-default\">Strategy<\/h2>\t\t<\/div>\n\t\t\t\t<\/div>\n\t\t<div class=\"elementor-element elementor-element-3483f4b e-con-full e-flex e-con e-child\" data-id=\"3483f4b\" data-element_type=\"container\">\n\t\t<div class=\"elementor-element elementor-element-47c6d6d e-con-full e-flex e-con e-child\" data-id=\"47c6d6d\" data-element_type=\"container\">\n\t\t\t\t<div class=\"elementor-element elementor-element-24e09e1 elementor-widget elementor-widget-image\" data-id=\"24e09e1\" data-element_type=\"widget\" data-widget_type=\"image.default\">\n\t\t\t\t<div class=\"elementor-widget-container\">\n\t\t\t\t\t\t\t\t\t\t\t\t\t<img fetchpriority=\"high\" decoding=\"async\" width=\"682\" height=\"1024\" src=\"https:\/\/presence-africaine-arts-culture.com\/wp-content\/uploads\/2024\/11\/african-8790735_1280-682x1024.jpg\" class=\"attachment-large size-large wp-image-206\" alt=\"\" srcset=\"https:\/\/presence-africaine-arts-culture.com\/wp-content\/uploads\/2024\/11\/african-8790735_1280-682x1024.jpg 682w, https:\/\/presence-africaine-arts-culture.com\/wp-content\/uploads\/2024\/11\/african-8790735_1280-200x300.jpg 200w, https:\/\/presence-africaine-arts-culture.com\/wp-content\/uploads\/2024\/11\/african-8790735_1280-768x1154.jpg 768w, https:\/\/presence-africaine-arts-culture.com\/wp-content\/uploads\/2024\/11\/african-8790735_1280.jpg 852w\" sizes=\"(max-width: 682px) 100vw, 682px\" \/>\t\t\t\t\t\t\t\t\t\t\t\t\t<\/div>\n\t\t\t\t<\/div>\n\t\t\t\t<\/div>\n\t\t<div class=\"elementor-element elementor-element-60609bb e-con-full e-flex e-con e-child\" data-id=\"60609bb\" data-element_type=\"container\">\n\t\t\t\t<div class=\"elementor-element elementor-element-8dc64c4 elementor-widget elementor-widget-text-editor\" data-id=\"8dc64c4\" data-element_type=\"widget\" data-widget_type=\"text-editor.default\">\n\t\t\t\t<div class=\"elementor-widget-container\">\n\t\t\t\t\t\t\t<p>\u00a0<\/p><p>To achieve its mission, Pr\u00e9sence Africaine employs the following strategies:<\/p><ul><li>Education and Awareness;<\/li><li>Technological Innovation;<\/li><li>Promotion of Arts and Culture;<\/li><li>Economic Development;<\/li><li>Community Engagement;<\/li><\/ul><p>\u00a0<\/p>\t\t\t\t\t\t<\/div>\n\t\t\t\t<\/div>\n\t\t\t\t<\/div>\n\t\t<div class=\"elementor-element elementor-element-c478cee e-con-full e-flex e-con e-child\" data-id=\"c478cee\" data-element_type=\"container\">\n\t\t\t\t<div class=\"elementor-element elementor-element-8262a96 elementor-widget elementor-widget-image\" data-id=\"8262a96\" data-element_type=\"widget\" data-widget_type=\"image.default\">\n\t\t\t\t<div class=\"elementor-widget-container\">\n\t\t\t\t\t\t\t\t\t\t\t\t\t<img decoding=\"async\" width=\"788\" height=\"1024\" src=\"https:\/\/presence-africaine-arts-culture.com\/wp-content\/uploads\/2024\/11\/Strategiee.jpg\" class=\"attachment-large size-large wp-image-131\" alt=\"\" srcset=\"https:\/\/presence-africaine-arts-culture.com\/wp-content\/uploads\/2024\/11\/Strategiee.jpg 788w, https:\/\/presence-africaine-arts-culture.com\/wp-content\/uploads\/2024\/11\/Strategiee-231x300.jpg 231w, https:\/\/presence-africaine-arts-culture.com\/wp-content\/uploads\/2024\/11\/Strategiee-768x998.jpg 768w\" sizes=\"(max-width: 788px) 100vw, 788px\" \/>\t\t\t\t\t\t\t\t\t\t\t\t\t<\/div>\n\t\t\t\t<\/div>\n\t\t\t\t<\/div>\n\t\t\t\t<\/div>\n\t\t\t\t\t<\/div>\n\t\t\t\t<\/div>\n\t\t<div class=\"elementor-element elementor-element-d610acf e-flex e-con-boxed e-con e-parent\" data-id=\"d610acf\" data-element_type=\"container\">\n\t\t\t\t\t<div class=\"e-con-inner\">\n\t\t<div class=\"elementor-element elementor-element-3e5ec8f e-con-full e-flex e-con e-child\" data-id=\"3e5ec8f\" data-element_type=\"container\">\n\t\t\t\t<div class=\"elementor-element elementor-element-e5d6e05 elementor-widget elementor-widget-heading\" data-id=\"e5d6e05\" data-element_type=\"widget\" data-widget_type=\"heading.default\">\n\t\t\t\t<div class=\"elementor-widget-container\">\n\t\t\t<h2 class=\"elementor-heading-title elementor-size-default\">Follow us on<\/h2>\t\t<\/div>\n\t\t\t\t<\/div>\n\t\t\t\t<div class=\"elementor-element elementor-element-29207b1 elementor-widget elementor-widget-elementskit-social-media\" data-id=\"29207b1\" data-element_type=\"widget\" data-widget_type=\"elementskit-social-media.default\">\n\t\t\t\t<div class=\"elementor-widget-container\">\n\t\t\t<div class=\"ekit-wid-con\" >\t\t\t <ul class=\"ekit_social_media\">\n\t\t\t\t\t\t\t\t\t\t\t\t\t\t<li class=\"elementor-repeater-item-79da284\">\n\t\t\t\t\t    <a\n\t\t\t\t\t\thref=\"https:\/\/facebook.com\" aria-label=\"Facebook\" class=\"facebook\" >\n\t\t\t\t\t\t\t\t\t\t\t\t\t\t\n\t\t\t\t\t\t\t<i aria-hidden=\"true\" class=\"icon icon-facebook\"><\/i>\t\t\t\t\t\t\t\t\t\n                                                                                                            <\/a>\n                    <\/li>\n                    \t\t\t\t\t\t\t\t\t\t\t\t\t\t<li class=\"elementor-repeater-item-41962a1\">\n\t\t\t\t\t    <a\n\t\t\t\t\t\thref=\"https:\/\/facebook.com\" aria-label=\"Twitter\" class=\"twitter\" >\n\t\t\t\t\t\t\t\t\t\t\t\t\t\t\n\t\t\t\t\t\t\t<svg aria-hidden=\"true\" class=\"e-font-icon-svg e-fab-x-twitter\" viewbox=\"0 0 512 512\" xmlns=\"http:\/\/www.w3.org\/2000\/svg\"><path d=\"M389.2 48h70.6L305.6 224.2 487 464H345L233.7 318.6 106.5 464H35.8L200.7 275.5 26.8 48H172.4L272.9 180.9 389.2 48zM364.4 421.8h39.1L151.1 88h-42L364.4 421.8z\"><\/path><\/svg>\t\t\t\t\t\t\t\t\t\n                                                                                                            <\/a>\n                    <\/li>\n                    \t\t\t\t\t\t\t\t\t\t\t\t\t\t<li class=\"elementor-repeater-item-28d69a7\">\n\t\t\t\t\t    <a\n\t\t\t\t\t\thref=\"https:\/\/facebook.com\" aria-label=\"LinkedIn\" class=\"linkedin\" >\n\t\t\t\t\t\t\t\t\t\t\t\t\t\t\n\t\t\t\t\t\t\t<i aria-hidden=\"true\" class=\"icon icon-linkedin\"><\/i>\t\t\t\t\t\t\t\t\t\n                                                                                                            <\/a>\n                    <\/li>\n                    \t\t\t\t\t\t\t\t\t\t\t\t\t\t<li class=\"elementor-repeater-item-47a8762\">\n\t\t\t\t\t    <a\n\t\t\t\t\t\thref=\"https:\/\/facebook.com\" aria-label=\"Facebook\" class=\"1\" >\n\t\t\t\t\t\t\t\t\t\t\t\t\t\t\n\t\t\t\t\t\t\t<i aria-hidden=\"true\" class=\"icon icon-youtube-1\"><\/i>\t\t\t\t\t\t\t\t\t\n                                                                                                            <\/a>\n                    <\/li>\n                    \t\t\t\t\t\t\t<\/ul>\n\t\t<\/div>\t\t<\/div>\n\t\t\t\t<\/div>\n\t\t\t\t<\/div>\n\t\t\t\t\t<\/div>\n\t\t\t\t<\/div>\n\t\t\t\t<\/div>","protected":false},"excerpt":{"rendered":"<p>Strat\u00e9gies \u00a0 Pour r\u00e9aliser sa mission, Pr\u00e9sence Africaine d\u00e9ploie les strat\u00e9gies suivantes : \u00c9ducation et Sensibilisation; Innovation Technologique; Promotion des Arts et de la Culture; D\u00e9veloppement \u00c9conomique; Engagement Communautaire \u00a0 suivez-nous sur<\/p>","protected":false},"author":1,"featured_media":0,"parent":0,"menu_order":0,"comment_status":"closed","ping_status":"closed","template":"","meta":{"footnotes":""},"class_list":["post-24","page","type-page","status-publish","hentry"],"_links":{"self":[{"href":"https:\/\/presence-africaine-arts-culture.com\/en\/wp-json\/wp\/v2\/pages\/24","targetHints":{"allow":["GET"]}}],"collection":[{"href":"https:\/\/presence-africaine-arts-culture.com\/en\/wp-json\/wp\/v2\/pages"}],"about":[{"href":"https:\/\/presence-africaine-arts-culture.com\/en\/wp-json\/wp\/v2\/types\/page"}],"author":[{"embeddable":true,"href":"https:\/\/presence-africaine-arts-culture.com\/en\/wp-json\/wp\/v2\/users\/1"}],"replies":[{"embeddable":true,"href":"https:\/\/presence-africaine-arts-culture.com\/en\/wp-json\/wp\/v2\/comments?post=24"}],"version-history":[{"count":22,"href":"https:\/\/presence-africaine-arts-culture.com\/en\/wp-json\/wp\/v2\/pages\/24\/revisions"}],"predecessor-version":[{"id":231,"href":"https:\/\/presence-africaine-arts-culture.com\/en\/wp-json\/wp\/v2\/pages\/24\/revisions\/231"}],"wp:attachment":[{"href":"https:\/\/presence-africaine-arts-culture.com\/en\/wp-json\/wp\/v2\/media?parent=24"}],"curies":[{"name":"wp","href":"https:\/\/api.w.org\/{rel}","templated":true}]}}