{"id":25,"date":"2024-11-04T16:47:26","date_gmt":"2024-11-04T15:47:26","guid":{"rendered":"https:\/\/presence-africaine-arts-culture.com\/?page_id=25"},"modified":"2024-11-12T15:09:14","modified_gmt":"2024-11-12T14:09:14","slug":"activites","status":"publish","type":"page","link":"https:\/\/presence-africaine-arts-culture.com\/en\/activites\/","title":{"rendered":"Activity"},"content":{"rendered":"<div data-elementor-type=\"wp-page\" data-elementor-id=\"25\" class=\"elementor elementor-25\">\n\t\t\t\t<div class=\"elementor-element elementor-element-71216f6 e-flex e-con-boxed e-con e-parent\" data-id=\"71216f6\" data-element_type=\"container\" data-settings=\"{&quot;background_background&quot;:&quot;video&quot;,&quot;background_video_link&quot;:&quot;https:\\\/\\\/youtu.be\\\/pp373OTHeBI&quot;}\">\n\t\t\t\t\t<div class=\"e-con-inner\">\n\t\t<div class=\"elementor-background-video-container elementor-hidden-mobile\">\n\t\t\t\t\t\t\t<div class=\"elementor-background-video-embed\"><\/div>\n\t\t\t\t\t\t<\/div>\t\t\t<\/div>\n\t\t\t\t<\/div>\n\t\t<div class=\"elementor-element elementor-element-5bd99fe e-flex e-con-boxed e-con e-parent\" data-id=\"5bd99fe\" data-element_type=\"container\">\n\t\t\t\t\t<div class=\"e-con-inner\">\n\t\t\t\t<div class=\"elementor-element elementor-element-aaace8d elementor-widget elementor-widget-heading\" data-id=\"aaace8d\" data-element_type=\"widget\" data-widget_type=\"heading.default\">\n\t\t\t\t<div class=\"elementor-widget-container\">\n\t\t\t<h2 class=\"elementor-heading-title elementor-size-default\">Activity<\/h2>\t\t<\/div>\n\t\t\t\t<\/div>\n\t\t<div class=\"elementor-element elementor-element-e0108dd e-con-full e-flex e-con e-child\" data-id=\"e0108dd\" data-element_type=\"container\">\n\t\t<div class=\"elementor-element elementor-element-c3e04f5 e-con-full e-flex e-con e-child\" data-id=\"c3e04f5\" data-element_type=\"container\">\n\t\t\t\t<div class=\"elementor-element elementor-element-a5e1ff2 elementor-widget elementor-widget-image\" data-id=\"a5e1ff2\" data-element_type=\"widget\" data-widget_type=\"image.default\">\n\t\t\t\t<div class=\"elementor-widget-container\">\n\t\t\t\t\t\t\t\t\t\t\t\t\t<img fetchpriority=\"high\" decoding=\"async\" width=\"576\" height=\"1024\" src=\"https:\/\/presence-africaine-arts-culture.com\/wp-content\/uploads\/2024\/11\/ai-generated-8665207_1280-576x1024.jpg\" class=\"attachment-large size-large wp-image-210\" alt=\"\" srcset=\"https:\/\/presence-africaine-arts-culture.com\/wp-content\/uploads\/2024\/11\/ai-generated-8665207_1280-576x1024.jpg 576w, https:\/\/presence-africaine-arts-culture.com\/wp-content\/uploads\/2024\/11\/ai-generated-8665207_1280-169x300.jpg 169w, https:\/\/presence-africaine-arts-culture.com\/wp-content\/uploads\/2024\/11\/ai-generated-8665207_1280.jpg 720w\" sizes=\"(max-width: 576px) 100vw, 576px\" \/>\t\t\t\t\t\t\t\t\t\t\t\t\t<\/div>\n\t\t\t\t<\/div>\n\t\t\t\t<\/div>\n\t\t<div class=\"elementor-element elementor-element-dc10829 e-con-full e-flex e-con e-child\" data-id=\"dc10829\" data-element_type=\"container\">\n\t\t\t\t<div class=\"elementor-element elementor-element-e624336 elementor-widget elementor-widget-text-editor\" data-id=\"e624336\" data-element_type=\"widget\" data-widget_type=\"text-editor.default\">\n\t\t\t\t<div class=\"elementor-widget-container\">\n\t\t\t\t\t\t\t<p>To achieve its objectives, Pr\u00e9sence Africaine will implement the following activities:<\/p><ul><li>Educational Programs<\/li><li>Digitization Initiatives<\/li><li>Cultural Events<\/li><li>Support for Creators<\/li><li>Partnerships and Collaborations<\/li><\/ul>\t\t\t\t\t\t<\/div>\n\t\t\t\t<\/div>\n\t\t\t\t<\/div>\n\t\t<div class=\"elementor-element elementor-element-a30b92f e-con-full e-flex e-con e-child\" data-id=\"a30b92f\" data-element_type=\"container\">\n\t\t\t\t<div class=\"elementor-element elementor-element-ee61d45 elementor-widget elementor-widget-image\" data-id=\"ee61d45\" data-element_type=\"widget\" data-widget_type=\"image.default\">\n\t\t\t\t<div class=\"elementor-widget-container\">\n\t\t\t\t\t\t\t\t\t\t\t\t\t<img decoding=\"async\" width=\"683\" height=\"1024\" src=\"https:\/\/presence-africaine-arts-culture.com\/wp-content\/uploads\/2024\/11\/activite-683x1024.jpg\" class=\"attachment-large size-large wp-image-133\" alt=\"\" srcset=\"https:\/\/presence-africaine-arts-culture.com\/wp-content\/uploads\/2024\/11\/activite-683x1024.jpg 683w, https:\/\/presence-africaine-arts-culture.com\/wp-content\/uploads\/2024\/11\/activite-200x300.jpg 200w, https:\/\/presence-africaine-arts-culture.com\/wp-content\/uploads\/2024\/11\/activite-768x1152.jpg 768w, https:\/\/presence-africaine-arts-culture.com\/wp-content\/uploads\/2024\/11\/activite-1024x1536.jpg 1024w, https:\/\/presence-africaine-arts-culture.com\/wp-content\/uploads\/2024\/11\/activite-1365x2048.jpg 1365w, https:\/\/presence-africaine-arts-culture.com\/wp-content\/uploads\/2024\/11\/activite-scaled.jpg 1707w\" sizes=\"(max-width: 683px) 100vw, 683px\" \/>\t\t\t\t\t\t\t\t\t\t\t\t\t<\/div>\n\t\t\t\t<\/div>\n\t\t\t\t<\/div>\n\t\t\t\t<\/div>\n\t\t\t\t\t<\/div>\n\t\t\t\t<\/div>\n\t\t<div class=\"elementor-element elementor-element-f7a4165 e-flex e-con-boxed e-con e-parent\" data-id=\"f7a4165\" data-element_type=\"container\">\n\t\t\t\t\t<div class=\"e-con-inner\">\n\t\t<div class=\"elementor-element elementor-element-bfa56a4 e-con-full e-flex e-con e-child\" data-id=\"bfa56a4\" data-element_type=\"container\">\n\t\t\t\t<div class=\"elementor-element elementor-element-16a1021 elementor-widget elementor-widget-heading\" data-id=\"16a1021\" data-element_type=\"widget\" data-widget_type=\"heading.default\">\n\t\t\t\t<div class=\"elementor-widget-container\">\n\t\t\t<h2 class=\"elementor-heading-title elementor-size-default\">Follow us on<\/h2>\t\t<\/div>\n\t\t\t\t<\/div>\n\t\t\t\t<div class=\"elementor-element elementor-element-ff4f650 elementor-widget elementor-widget-elementskit-social-media\" data-id=\"ff4f650\" data-element_type=\"widget\" data-widget_type=\"elementskit-social-media.default\">\n\t\t\t\t<div class=\"elementor-widget-container\">\n\t\t\t<div class=\"ekit-wid-con\" >\t\t\t <ul class=\"ekit_social_media\">\n\t\t\t\t\t\t\t\t\t\t\t\t\t\t<li class=\"elementor-repeater-item-79da284\">\n\t\t\t\t\t    <a\n\t\t\t\t\t\thref=\"https:\/\/facebook.com\" aria-label=\"Facebook\" class=\"facebook\" >\n\t\t\t\t\t\t\t\t\t\t\t\t\t\t\n\t\t\t\t\t\t\t<i aria-hidden=\"true\" class=\"icon icon-facebook\"><\/i>\t\t\t\t\t\t\t\t\t\n                                                                                                            <\/a>\n                    <\/li>\n                    \t\t\t\t\t\t\t\t\t\t\t\t\t\t<li class=\"elementor-repeater-item-41962a1\">\n\t\t\t\t\t    <a\n\t\t\t\t\t\thref=\"https:\/\/facebook.com\" aria-label=\"Twitter\" class=\"twitter\" >\n\t\t\t\t\t\t\t\t\t\t\t\t\t\t\n\t\t\t\t\t\t\t<svg aria-hidden=\"true\" class=\"e-font-icon-svg e-fab-x-twitter\" viewbox=\"0 0 512 512\" xmlns=\"http:\/\/www.w3.org\/2000\/svg\"><path d=\"M389.2 48h70.6L305.6 224.2 487 464H345L233.7 318.6 106.5 464H35.8L200.7 275.5 26.8 48H172.4L272.9 180.9 389.2 48zM364.4 421.8h39.1L151.1 88h-42L364.4 421.8z\"><\/path><\/svg>\t\t\t\t\t\t\t\t\t\n                                                                                                            <\/a>\n                    <\/li>\n                    \t\t\t\t\t\t\t\t\t\t\t\t\t\t<li class=\"elementor-repeater-item-28d69a7\">\n\t\t\t\t\t    <a\n\t\t\t\t\t\thref=\"https:\/\/facebook.com\" aria-label=\"LinkedIn\" class=\"linkedin\" >\n\t\t\t\t\t\t\t\t\t\t\t\t\t\t\n\t\t\t\t\t\t\t<i aria-hidden=\"true\" class=\"icon icon-linkedin\"><\/i>\t\t\t\t\t\t\t\t\t\n                                                                                                            <\/a>\n                    <\/li>\n                    \t\t\t\t\t\t\t\t\t\t\t\t\t\t<li class=\"elementor-repeater-item-47a8762\">\n\t\t\t\t\t    <a\n\t\t\t\t\t\thref=\"https:\/\/facebook.com\" aria-label=\"Facebook\" class=\"1\" >\n\t\t\t\t\t\t\t\t\t\t\t\t\t\t\n\t\t\t\t\t\t\t<i aria-hidden=\"true\" class=\"icon icon-youtube-1\"><\/i>\t\t\t\t\t\t\t\t\t\n                                                                                                            <\/a>\n                    <\/li>\n                    \t\t\t\t\t\t\t<\/ul>\n\t\t<\/div>\t\t<\/div>\n\t\t\t\t<\/div>\n\t\t\t\t<\/div>\n\t\t\t\t\t<\/div>\n\t\t\t\t<\/div>\n\t\t\t\t<\/div>","protected":false},"excerpt":{"rendered":"<p>Activit\u00e9s Pour atteindre ses objectifs, Pr\u00e9sence Africaine mettra en \u0153uvre les activit\u00e9s suivantes : Programmes \u00c9ducatifs\u00a0; Initiatives de Num\u00e9risation\u00a0; \u00c9v\u00e9nements Culturels\u00a0; Soutien aux Cr\u00e9ateurs\u00a0; Partenariats et Collaborations. suivez-nous sur<\/p>","protected":false},"author":1,"featured_media":0,"parent":0,"menu_order":0,"comment_status":"closed","ping_status":"closed","template":"","meta":{"footnotes":""},"class_list":["post-25","page","type-page","status-publish","hentry"],"_links":{"self":[{"href":"https:\/\/presence-africaine-arts-culture.com\/en\/wp-json\/wp\/v2\/pages\/25","targetHints":{"allow":["GET"]}}],"collection":[{"href":"https:\/\/presence-africaine-arts-culture.com\/en\/wp-json\/wp\/v2\/pages"}],"about":[{"href":"https:\/\/presence-africaine-arts-culture.com\/en\/wp-json\/wp\/v2\/types\/page"}],"author":[{"embeddable":true,"href":"https:\/\/presence-africaine-arts-culture.com\/en\/wp-json\/wp\/v2\/users\/1"}],"replies":[{"embeddable":true,"href":"https:\/\/presence-africaine-arts-culture.com\/en\/wp-json\/wp\/v2\/comments?post=25"}],"version-history":[{"count":31,"href":"https:\/\/presence-africaine-arts-culture.com\/en\/wp-json\/wp\/v2\/pages\/25\/revisions"}],"predecessor-version":[{"id":248,"href":"https:\/\/presence-africaine-arts-culture.com\/en\/wp-json\/wp\/v2\/pages\/25\/revisions\/248"}],"wp:attachment":[{"href":"https:\/\/presence-africaine-arts-culture.com\/en\/wp-json\/wp\/v2\/media?parent=25"}],"curies":[{"name":"wp","href":"https:\/\/api.w.org\/{rel}","templated":true}]}}